{"id":43,"date":"2024-06-22T17:20:03","date_gmt":"2024-06-22T15:20:03","guid":{"rendered":"https:\/\/flotattooworkshop.com\/?page_id=43"},"modified":"2024-06-22T22:20:00","modified_gmt":"2024-06-22T20:20:00","slug":"home","status":"publish","type":"page","link":"https:\/\/flotattooworkshop.com\/","title":{"rendered":"Flo"},"content":{"rendered":"\n<p>Passionn\u00e9e jusqu\u2019\u00e0 la moelle, Je vous accueille chaleureusement dans mon studio priv\u00e9 pour \u00e9changer avec vous sur vos souhaits de tatouage. Ce qui me pla\u00eet le plus est de cr\u00e9er le Tattoo parfait pour chaque personne. 1 Tattoo 1 Histoire\u2026 Pi\u00e8ces uniques bien s\u00fbr<\/p>\n","protected":false},"excerpt":{"rendered":"<p>Passionn\u00e9e jusqu\u2019\u00e0 la moelle, Je vous accueille chaleureusement dans mon studio priv\u00e9 pour \u00e9changer avec vous sur vos souhaits de tatouage. Ce qui me pla\u00eet le plus est de cr\u00e9er le Tattoo parfait pour chaque personne. 1 Tattoo 1 Histoire\u2026 Pi\u00e8ces uniques bien s\u00fbr<\/p>\n","protected":false},"author":1,"featured_media":0,"parent":0,"menu_order":0,"comment_status":"closed","ping_status":"closed","template":"","meta":{"footnotes":""},"class_list":["post-43","page","type-page","status-publish","hentry"],"_links":{"self":[{"href":"https:\/\/flotattooworkshop.com\/index.php\/wp-json\/wp\/v2\/pages\/43","targetHints":{"allow":["GET"]}}],"collection":[{"href":"https:\/\/flotattooworkshop.com\/index.php\/wp-json\/wp\/v2\/pages"}],"about":[{"href":"https:\/\/flotattooworkshop.com\/index.php\/wp-json\/wp\/v2\/types\/page"}],"author":[{"embeddable":true,"href":"https:\/\/flotattooworkshop.com\/index.php\/wp-json\/wp\/v2\/users\/1"}],"replies":[{"embeddable":true,"href":"https:\/\/flotattooworkshop.com\/index.php\/wp-json\/wp\/v2\/comments?post=43"}],"version-history":[{"count":4,"href":"https:\/\/flotattooworkshop.com\/index.php\/wp-json\/wp\/v2\/pages\/43\/revisions"}],"predecessor-version":[{"id":93,"href":"https:\/\/flotattooworkshop.com\/index.php\/wp-json\/wp\/v2\/pages\/43\/revisions\/93"}],"wp:attachment":[{"href":"https:\/\/flotattooworkshop.com\/index.php\/wp-json\/wp\/v2\/media?parent=43"}],"curies":[{"name":"wp","href":"https:\/\/api.w.org\/{rel}","templated":true}]}}